{"id":101,"date":"2013-12-27T15:58:54","date_gmt":"2013-12-27T14:58:54","guid":{"rendered":"http:\/\/www.drancyechecs-cavalierbleu.com\/wordpress\/?page_id=101"},"modified":"2014-02-12T06:02:40","modified_gmt":"2014-02-12T05:02:40","slug":"nos-interventions","status":"publish","type":"page","link":"https:\/\/www.drancyechecs-cavalierbleu.com\/wordpress\/?page_id=101","title":{"rendered":"Nos interventions"},"content":{"rendered":"<p>Depuis quelques ann\u00e9es, le club de Drancy envoie des animateurs dans des \u00e9coles. Ce travail de longue haleine porte ses fruits puisque parfois des parents, sensibilis\u00e9s eux-m\u00eames au jeu d&rsquo;\u00e9checs \u00e0 l&rsquo;\u00e9cole primaire ou \u00e9l\u00e9mentaire, am\u00e8nent, bien plus tard, leurs propres enfants au club !<\/p>\n<p>En attendant, les plus accroch\u00e9s franchissent la porte du club et sont aiguill\u00e9s, selon leur go\u00fbt, vers la comp\u00e9tition ou le perfectionnement.<\/p>\n<p>Pour la saison 2013-2014, le Cavalier Bleu a pass\u00e9 une convention avec les <strong>\u00e9coles Joliot-Curie, Pablo Picasso et Pierre Semard.<\/strong><\/p>\n","protected":false},"excerpt":{"rendered":"<p>Depuis quelques ann\u00e9es, le club de Drancy envoie des animateurs dans des \u00e9coles. Ce travail de longue haleine porte ses fruits puisque parfois des parents, sensibilis\u00e9s eux-m\u00eames au jeu d&rsquo;\u00e9checs \u00e0 l&rsquo;\u00e9cole primaire ou \u00e9l\u00e9mentaire, am\u00e8nent, bien plus tard, leurs propres enfants au club ! En attendant, les plus accroch\u00e9s franchissent la porte du club [&hellip;]<\/p>\n","protected":false},"author":1,"featured_media":0,"parent":0,"menu_order":4,"comment_status":"closed","ping_status":"open","template":"","meta":{"footnotes":""},"_links":{"self":[{"href":"https:\/\/www.drancyechecs-cavalierbleu.com\/wordpress\/index.php?rest_route=\/wp\/v2\/pages\/101"}],"collection":[{"href":"https:\/\/www.drancyechecs-cavalierbleu.com\/wordpress\/index.php?rest_route=\/wp\/v2\/pages"}],"about":[{"href":"https:\/\/www.drancyechecs-cavalierbleu.com\/wordpress\/index.php?rest_route=\/wp\/v2\/types\/page"}],"author":[{"embeddable":true,"href":"https:\/\/www.drancyechecs-cavalierbleu.com\/wordpress\/index.php?rest_route=\/wp\/v2\/users\/1"}],"replies":[{"embeddable":true,"href":"https:\/\/www.drancyechecs-cavalierbleu.com\/wordpress\/index.php?rest_route=%2Fwp%2Fv2%2Fcomments&post=101"}],"version-history":[{"count":5,"href":"https:\/\/www.drancyechecs-cavalierbleu.com\/wordpress\/index.php?rest_route=\/wp\/v2\/pages\/101\/revisions"}],"predecessor-version":[{"id":392,"href":"https:\/\/www.drancyechecs-cavalierbleu.com\/wordpress\/index.php?rest_route=\/wp\/v2\/pages\/101\/revisions\/392"}],"wp:attachment":[{"href":"https:\/\/www.drancyechecs-cavalierbleu.com\/wordpress\/index.php?rest_route=%2Fwp%2Fv2%2Fmedia&parent=101"}],"curies":[{"name":"wp","href":"https:\/\/api.w.org\/{rel}","templated":true}]}}