{"id":103,"date":"2013-12-27T16:14:45","date_gmt":"2013-12-27T15:14:45","guid":{"rendered":"http:\/\/www.drancyechecs-cavalierbleu.com\/wordpress\/?page_id=103"},"modified":"2014-02-09T00:21:38","modified_gmt":"2014-02-08T23:21:38","slug":"affiches","status":"publish","type":"page","link":"https:\/\/www.drancyechecs-cavalierbleu.com\/wordpress\/?page_id=103","title":{"rendered":"Affiches"},"content":{"rendered":"<p>Les murs du club sont tapiss\u00e9s d&rsquo;affiches de manifestations ou de photos d&rsquo;\u00e9v\u00e9nements. Cette rubrique en contiendra un certain nombre et constituera un aper\u00e7u pour tous nos visiteurs de la d\u00e9coration du club.<\/p>\n<p>&nbsp;<\/p>\n\n\t\t<style type=\"text\/css\">\n\t\t\t#gallery-1 {\n\t\t\t\tmargin: auto;\n\t\t\t}\n\t\t\t#gallery-1 .gallery-item {\n\t\t\t\tfloat: left;\n\t\t\t\tmargin-top: 10px;\n\t\t\t\ttext-align: center;\n\t\t\t\twidth: 33%;\n\t\t\t}\n\t\t\t#gallery-1 img {\n\t\t\t\tborder: 2px solid #cfcfcf;\n\t\t\t}\n\t\t\t#gallery-1 .gallery-caption {\n\t\t\t\tmargin-left: 0;\n\t\t\t}\n\t\t\t\/* see gallery_shortcode() in wp-includes\/media.php *\/\n\t\t<\/style>\n\t\t<div id='gallery-1' class='gallery galleryid-103 gallery-columns-3 gallery-size-thumbnail'><dl class='gallery-item'>\n\t\t\t<dt class='gallery-icon portrait'>\n\t\t\t\t<a href='https:\/\/www.drancyechecs-cavalierbleu.com\/wordpress\/?attachment_id=404'><img loading=\"lazy\" decoding=\"async\" width=\"130\" height=\"130\" src=\"https:\/\/www.drancyechecs-cavalierbleu.com\/wordpress\/wp-content\/medias\/2014\/01\/2006_Top16_Asnieres-130x130.jpg\" class=\"attachment-thumbnail size-thumbnail\" alt=\"\" aria-describedby=\"gallery-1-404\" \/><\/a>\n\t\t\t<\/dt>\n\t\t\t\t<dd class='wp-caption-text gallery-caption' id='gallery-1-404'>\n\t\t\t\t2006 Top 16 \u00e0 Asni\u00e8res\n\t\t\t\t<\/dd><\/dl><dl class='gallery-item'>\n\t\t\t<dt class='gallery-icon portrait'>\n\t\t\t\t<a href='https:\/\/www.drancyechecs-cavalierbleu.com\/wordpress\/?attachment_id=403'><img loading=\"lazy\" decoding=\"async\" width=\"130\" height=\"130\" src=\"https:\/\/www.drancyechecs-cavalierbleu.com\/wordpress\/wp-content\/medias\/2014\/01\/2005_Lille_finale_N1-130x130.jpg\" class=\"attachment-thumbnail size-thumbnail\" alt=\"\" aria-describedby=\"gallery-1-403\" \/><\/a>\n\t\t\t<\/dt>\n\t\t\t\t<dd class='wp-caption-text gallery-caption' id='gallery-1-403'>\n\t\t\t\t2005, Nationale I \u00e0 LILLE\n\t\t\t\t<\/dd><\/dl><dl class='gallery-item'>\n\t\t\t<dt class='gallery-icon portrait'>\n\t\t\t\t<a href='https:\/\/www.drancyechecs-cavalierbleu.com\/wordpress\/?attachment_id=402'><img loading=\"lazy\" decoding=\"async\" width=\"130\" height=\"130\" src=\"https:\/\/www.drancyechecs-cavalierbleu.com\/wordpress\/wp-content\/medias\/2014\/01\/2005_Drancy_phase-130x130.jpg\" class=\"attachment-thumbnail size-thumbnail\" alt=\"\" aria-describedby=\"gallery-1-402\" \/><\/a>\n\t\t\t<\/dt>\n\t\t\t\t<dd class='wp-caption-text gallery-caption' id='gallery-1-402'>\n\t\t\t\t2005 Top 16, 1re phase \u00e0 DRANCY\n\t\t\t\t<\/dd><\/dl><br style=\"clear: both\" \/><dl class='gallery-item'>\n\t\t\t<dt class='gallery-icon portrait'>\n\t\t\t\t<a href='https:\/\/www.drancyechecs-cavalierbleu.com\/wordpress\/?attachment_id=401'><img loading=\"lazy\" decoding=\"async\" width=\"130\" height=\"130\" src=\"https:\/\/www.drancyechecs-cavalierbleu.com\/wordpress\/wp-content\/medias\/2014\/01\/2002_Menton-130x130.jpg\" class=\"attachment-thumbnail size-thumbnail\" alt=\"\" aria-describedby=\"gallery-1-401\" \/><\/a>\n\t\t\t<\/dt>\n\t\t\t\t<dd class='wp-caption-text gallery-caption' id='gallery-1-401'>\n\t\t\t\t2002, Open international de MENTON\n\t\t\t\t<\/dd><\/dl><dl class='gallery-item'>\n\t\t\t<dt class='gallery-icon portrait'>\n\t\t\t\t<a href='https:\/\/www.drancyechecs-cavalierbleu.com\/wordpress\/?attachment_id=400'><img loading=\"lazy\" decoding=\"async\" width=\"130\" height=\"130\" src=\"https:\/\/www.drancyechecs-cavalierbleu.com\/wordpress\/wp-content\/medias\/2014\/01\/1996_U_Kasparov_Megeve-130x130.jpg\" class=\"attachment-thumbnail size-thumbnail\" alt=\"\" aria-describedby=\"gallery-1-400\" \/><\/a>\n\t\t\t<\/dt>\n\t\t\t\t<dd class='wp-caption-text gallery-caption' id='gallery-1-400'>\n\t\t\t\t1996, Meg\u00e8ve: Universit\u00e9 Kasparov\n\t\t\t\t<\/dd><\/dl><dl class='gallery-item'>\n\t\t\t<dt class='gallery-icon portrait'>\n\t\t\t\t<a href='https:\/\/www.drancyechecs-cavalierbleu.com\/wordpress\/?attachment_id=405'><img loading=\"lazy\" decoding=\"async\" width=\"130\" height=\"130\" src=\"https:\/\/www.drancyechecs-cavalierbleu.com\/wordpress\/wp-content\/medias\/2014\/01\/2010_Drancy_phase-130x130.jpg\" class=\"attachment-thumbnail size-thumbnail\" alt=\"\" aria-describedby=\"gallery-1-405\" \/><\/a>\n\t\t\t<\/dt>\n\t\t\t\t<dd class='wp-caption-text gallery-caption' id='gallery-1-405'>\n\t\t\t\t2010 DRANCY: Cht de France par \u00e9quipes, 2e division\n\t\t\t\t<\/dd><\/dl><br style=\"clear: both\" \/><dl class='gallery-item'>\n\t\t\t<dt class='gallery-icon portrait'>\n\t\t\t\t<a href='https:\/\/www.drancyechecs-cavalierbleu.com\/wordpress\/?attachment_id=399'><img loading=\"lazy\" decoding=\"async\" width=\"130\" height=\"130\" src=\"https:\/\/www.drancyechecs-cavalierbleu.com\/wordpress\/wp-content\/medias\/2014\/01\/1992_Paris-130x130.jpg\" class=\"attachment-thumbnail size-thumbnail\" alt=\"\" aria-describedby=\"gallery-1-399\" \/><\/a>\n\t\t\t<\/dt>\n\t\t\t\t<dd class='wp-caption-text gallery-caption' id='gallery-1-399'>\n\t\t\t\t1992: Cht de PARIS \n\t\t\t\t<\/dd><\/dl><dl class='gallery-item'>\n\t\t\t<dt class='gallery-icon portrait'>\n\t\t\t\t<a href='https:\/\/www.drancyechecs-cavalierbleu.com\/wordpress\/?attachment_id=253'><img loading=\"lazy\" decoding=\"async\" width=\"130\" height=\"130\" src=\"https:\/\/www.drancyechecs-cavalierbleu.com\/wordpress\/wp-content\/medias\/2014\/01\/2001_Marseille_76e_CdF_50pc-130x130.jpg\" class=\"attachment-thumbnail size-thumbnail\" alt=\"\" aria-describedby=\"gallery-1-253\" \/><\/a>\n\t\t\t<\/dt>\n\t\t\t\t<dd class='wp-caption-text gallery-caption' id='gallery-1-253'>\n\t\t\t\t2001: Cht de France MARSEILLE\n\t\t\t\t<\/dd><\/dl><dl class='gallery-item'>\n\t\t\t<dt class='gallery-icon portrait'>\n\t\t\t\t<a href='https:\/\/www.drancyechecs-cavalierbleu.com\/wordpress\/?attachment_id=247'><img loading=\"lazy\" decoding=\"async\" width=\"130\" height=\"130\" src=\"https:\/\/www.drancyechecs-cavalierbleu.com\/wordpress\/wp-content\/medias\/2014\/01\/CB_entr\u00e9e_historique2-130x130.jpg\" class=\"attachment-thumbnail size-thumbnail\" alt=\"\" aria-describedby=\"gallery-1-247\" \/><\/a>\n\t\t\t<\/dt>\n\t\t\t\t<dd class='wp-caption-text gallery-caption' id='gallery-1-247'>\n\t\t\t\tPanneau d&rsquo;entr\u00e9e du Cavalier dans les ann\u00e9es 1970\n\t\t\t\t<\/dd><\/dl><br style=\"clear: both\" \/>\n\t\t<\/div>\n\n","protected":false},"excerpt":{"rendered":"<p>Les murs du club sont tapiss\u00e9s d&rsquo;affiches de manifestations ou de photos d&rsquo;\u00e9v\u00e9nements. Cette rubrique en contiendra un certain nombre et constituera un aper\u00e7u pour tous nos visiteurs de la d\u00e9coration du club. &nbsp;<\/p>\n","protected":false},"author":1,"featured_media":0,"parent":2,"menu_order":4,"comment_status":"closed","ping_status":"open","template":"","meta":{"footnotes":""},"_links":{"self":[{"href":"https:\/\/www.drancyechecs-cavalierbleu.com\/wordpress\/index.php?rest_route=\/wp\/v2\/pages\/103"}],"collection":[{"href":"https:\/\/www.drancyechecs-cavalierbleu.com\/wordpress\/index.php?rest_route=\/wp\/v2\/pages"}],"about":[{"href":"https:\/\/www.drancyechecs-cavalierbleu.com\/wordpress\/index.php?rest_route=\/wp\/v2\/types\/page"}],"author":[{"embeddable":true,"href":"https:\/\/www.drancyechecs-cavalierbleu.com\/wordpress\/index.php?rest_route=\/wp\/v2\/users\/1"}],"replies":[{"embeddable":true,"href":"https:\/\/www.drancyechecs-cavalierbleu.com\/wordpress\/index.php?rest_route=%2Fwp%2Fv2%2Fcomments&post=103"}],"version-history":[{"count":14,"href":"https:\/\/www.drancyechecs-cavalierbleu.com\/wordpress\/index.php?rest_route=\/wp\/v2\/pages\/103\/revisions"}],"predecessor-version":[{"id":453,"href":"https:\/\/www.drancyechecs-cavalierbleu.com\/wordpress\/index.php?rest_route=\/wp\/v2\/pages\/103\/revisions\/453"}],"up":[{"embeddable":true,"href":"https:\/\/www.drancyechecs-cavalierbleu.com\/wordpress\/index.php?rest_route=\/wp\/v2\/pages\/2"}],"wp:attachment":[{"href":"https:\/\/www.drancyechecs-cavalierbleu.com\/wordpress\/index.php?rest_route=%2Fwp%2Fv2%2Fmedia&parent=103"}],"curies":[{"name":"wp","href":"https:\/\/api.w.org\/{rel}","templated":true}]}}