{"id":2,"date":"2013-12-06T20:53:49","date_gmt":"2013-12-06T19:53:49","guid":{"rendered":"http:\/\/www.drancyechecs-cavalierbleu.com\/wordpress\/?page_id=2"},"modified":"2021-09-06T21:37:47","modified_gmt":"2021-09-06T20:37:47","slug":"page-d-exemple","status":"publish","type":"page","link":"https:\/\/www.drancyechecs-cavalierbleu.com\/wordpress\/?page_id=2","title":{"rendered":"Le club"},"content":{"rendered":"<div id=\"horaires\"><\/div>\n<p><b>CONTACT :<\/b> echecs.cavalierbleu[a]gmail.com<\/p>\n<p><a href=\"https:\/\/twitter.com\/DrancyEchecs\" target=\"_blank\" rel=\"noopener noreferrer\">Twitter<\/a><br \/>\n<a href=\"https:\/\/www.facebook.com\/cavalierbleu.drancy\" target=\"_blank\" rel=\"noopener noreferrer\">Facebook<\/a><\/p>\n<p><b>Le Cavalier Bleu de Drancy<br \/>\n<\/b><span id=\"ctl00_ContentPlaceHolderMain_LabelAdresse\"><span style=\"text-decoration: underline;\">Le club se situe au 26, rue Jean-Baptiste Baudin<\/span> (voir ci-dessous)<\/span><\/p>\n<p><strong>ADRESSE POSTALE SEULEMENT:<\/strong><br \/>\nChez M. Manuel Casas<br \/>\n40 all\u00e9e de la Tour<br \/>\n93250 VILLEMOMBLE<\/p>\n<p><b>HORAIRES<\/b><\/p>\n<p><b>Mercredi de 14\u00a0h \u00e0 18\u00a0h :<\/b> Cours pour enfants dispens\u00e9s par Vincent SCHMIT (d\u00e9butants 14 h-16 h, joueurs confirm\u00e9s ensuite)<\/p>\n<p><b>Samedi 14\u00a0h-18\u00a0h\u00a0:<\/b> ouvert \u00e0 tous. Parties amicales et\/ou tournoi de parties rapides.<\/p>\n<p><b>Dimanche\u00a0:<\/b> r\u00e9serv\u00e9 aux comp\u00e9titions.<\/p>\n<p><b>La fiche du club<\/b> sur le site de la F\u00e9d\u00e9ration fran\u00e7aise <a href=\"http:\/\/echecs.asso.fr\/FicheClub.aspx?Ref=768\" target=\"_blank\" rel=\"noopener noreferrer\">est ici<\/a><\/p>\n<div id=\"cotisation\"><\/div>\n<p><b>COTISATION DE LA SAISON (pass sanitaire pour les + 18 ans)<br \/>\n<\/b><\/p>\n<p><b>Bulletin_inscription_2021_2022<br \/>\n<a href=\"https:\/\/www.drancyechecs-cavalierbleu.com\/wordpress\/?attachment_id=1642\" rel=\"attachment wp-att-1642\">Inscription 2021_2022<\/a><\/b><\/p>\n<p>Certificat m\u00e9dical obligatoire<br \/>\nAdh\u00e9sion club: adultes : 85 \u20ac, moins de 20 ans 75\u20ac<br \/>\nLicence B (loisir) : +3\u20ac et +9\u20ac adulte<br \/>\nLicence A (comp\u00e9tition): +49\u20ac senior\/v\u00e9t\u00e9ran, voir le bulletin ci-dessus pour les autres cat\u00e9gories.<\/p>\n<p><b> COMMENT VENIR AU CLUB ?<\/b><\/p>\n<p>Le club se situe au 26, rue Jean-Baptiste Baudin.<br \/>\nPour le GPS, <strong>programmer le 31<\/strong>, c\u2019est juste en face et de plain-pied.<\/p>\n<p><center><a href=\"http:\/\/www.drancyechecs-cavalierbleu.com\/wordpress\/?attachment_id=884\" rel=\"attachment wp-att-884\"><img loading=\"lazy\" decoding=\"async\" class=\"aligncenter size-medium wp-image-884\" src=\"http:\/\/www.drancyechecs-cavalierbleu.com\/wordpress\/wp-content\/medias\/2013\/12\/2014_11_entree_bd-250x144.jpg\" alt=\"2014_11_entree_bd\" width=\"250\" height=\"144\" srcset=\"https:\/\/www.drancyechecs-cavalierbleu.com\/wordpress\/wp-content\/medias\/2013\/12\/2014_11_entree_bd-250x144.jpg 250w, https:\/\/www.drancyechecs-cavalierbleu.com\/wordpress\/wp-content\/medias\/2013\/12\/2014_11_entree_bd.jpg 490w\" sizes=\"(max-width: 250px) 100vw, 250px\" \/><\/a><\/center><strong>Pour les Dranc\u00e9ens<\/strong><br \/>\nBus RATP Ligne 148, arr\u00eat Danton. Revenir sur ses pas. Prendre la rue Danton. Au bout de 200m, tourner \u00e0 gauche rue Fouquet puis \u00e0 droite rue Baudin. Le club est sur le m\u00eame trottoir, au bout de la rue.<\/p>\n<p><strong>Pour les visiteurs<\/strong><br \/>\nExemple d\u2019itin\u00e9raire <em>\u00e0 partir de Porte de Bagnolet.<\/em><\/p>\n<p>Temps estim\u00e9 : (20 minutes)<br \/>\nSortir de Paris et et prendre l\u2019A3\/E15 [6,1km]<br \/>\nContinuer sur l\u2019A86 [3,1km] en direction de (Bobigny-Drancy-Saint-Denis)<br \/>\nSortir au panneau N186 (Avicenne-Paris-Porte de Pantin)<br \/>\nAu premier rond-point prendre la seconde sortie, puis la premi\u00e8re \u00e0 droite<br \/>\nVous \u00eates dans une rue perpendiculaire \u00e0 la rue Baudin.<br \/>\nIl suffit donc de continuer tout droit.<br \/>\nLorsque vous croiserez un caf\u00e9 faisant l\u2019angle d\u2019une rue prenez \u00e0 droite vous \u00eates \u00e0 quelques m\u00e8tres du club.<\/p>\n<p><a href=\"https:\/\/maps.google.fr\/maps?saddr=porte+de+Bagnolet&amp;daddr=26+Rue+Baudin,+93700+Drancy&amp;hl=fr&amp;geocode=FTid6QIdZbokACnBf9gwg23mRzFk9E0a1CNNzg%3BFTZ56gIdMCIlACmTWPhAkWzmRzFrJMQJzkUnyA&amp;mra=ls&amp;doflg=ptk&amp;t=h&amp;z=13\">Lien vers google maps<\/a><\/p>\n<p><strong>En RER de Gare du Nord<\/strong><br \/>\nTemps estim\u00e9 : (50 minutes un dimanche \u00e0 14 h)<br \/>\nPrendre le RER B direction A\u00e9roport Charles de Gaulle 2 TGV.<br \/>\nDescendre \u00e0 Le Bourget<br \/>\nPrendre le bus 146 direction LES BOSQUETS<br \/>\nDescendre \u00e0 Lamartine-Fran\u00e7ois Rude<\/p>\n<p><strong>M\u00e9tro Ligne 5<\/strong><br \/>\ndirection Bobigny-Pablo-Picasso<br \/>\ndepuis Gare du Nord jusqu\u2019\u00e0 Bobigny-Pablo-Picasso<br \/>\nBus RATP Ligne 146 descendre \u00e0 Fernand Pena<\/p>\n<p>Depuis Pablo Picasso-M\u00e9tro-Tramway<br \/>\n\u00c0 pied, allez au 26, rue Jean-Bapstiste Baudin, 93700, Drancy (<strong>45\u00a0min de marche<\/strong>)<\/p>\n<p>P.S. petite faim ? Pour les <em>comp\u00e9titeurs du dimanche<\/em> et ceux qui ont un petit creux le samedi ou le mercredi, une boulangerie toute proche sert viennoiseries et sandwiches jusqu&rsquo;\u00e0 20h30&#8230; et avec le sourire !<br \/>\nDemandez aux habitu\u00e9s \ud83d\ude42<\/p>\n","protected":false},"excerpt":{"rendered":"<p>CONTACT : echecs.cavalierbleu[a]gmail.com Twitter Facebook Le Cavalier Bleu de Drancy Le club se situe au 26, rue Jean-Baptiste Baudin (voir ci-dessous) ADRESSE POSTALE SEULEMENT: Chez M. Manuel Casas 40 all\u00e9e de la Tour 93250 VILLEMOMBLE HORAIRES Mercredi de 14\u00a0h \u00e0 18\u00a0h : Cours pour enfants dispens\u00e9s par Vincent SCHMIT (d\u00e9butants 14 h-16 h, joueurs confirm\u00e9s [&hellip;]<\/p>\n","protected":false},"author":1,"featured_media":0,"parent":0,"menu_order":1,"comment_status":"closed","ping_status":"closed","template":"","meta":{"footnotes":""},"_links":{"self":[{"href":"https:\/\/www.drancyechecs-cavalierbleu.com\/wordpress\/index.php?rest_route=\/wp\/v2\/pages\/2"}],"collection":[{"href":"https:\/\/www.drancyechecs-cavalierbleu.com\/wordpress\/index.php?rest_route=\/wp\/v2\/pages"}],"about":[{"href":"https:\/\/www.drancyechecs-cavalierbleu.com\/wordpress\/index.php?rest_route=\/wp\/v2\/types\/page"}],"author":[{"embeddable":true,"href":"https:\/\/www.drancyechecs-cavalierbleu.com\/wordpress\/index.php?rest_route=\/wp\/v2\/users\/1"}],"replies":[{"embeddable":true,"href":"https:\/\/www.drancyechecs-cavalierbleu.com\/wordpress\/index.php?rest_route=%2Fwp%2Fv2%2Fcomments&post=2"}],"version-history":[{"count":96,"href":"https:\/\/www.drancyechecs-cavalierbleu.com\/wordpress\/index.php?rest_route=\/wp\/v2\/pages\/2\/revisions"}],"predecessor-version":[{"id":1655,"href":"https:\/\/www.drancyechecs-cavalierbleu.com\/wordpress\/index.php?rest_route=\/wp\/v2\/pages\/2\/revisions\/1655"}],"wp:attachment":[{"href":"https:\/\/www.drancyechecs-cavalierbleu.com\/wordpress\/index.php?rest_route=%2Fwp%2Fv2%2Fmedia&parent=2"}],"curies":[{"name":"wp","href":"https:\/\/api.w.org\/{rel}","templated":true}]}}