{"id":4,"date":"2013-12-26T11:33:04","date_gmt":"2013-12-26T10:33:04","guid":{"rendered":"http:\/\/www.drancyechecs-cavalierbleu.com\/wordpress\/?page_id=4"},"modified":"2017-01-11T23:00:23","modified_gmt":"2017-01-11T22:00:23","slug":"historique-du-club","status":"publish","type":"page","link":"https:\/\/www.drancyechecs-cavalierbleu.com\/wordpress\/?page_id=4","title":{"rendered":"Historique"},"content":{"rendered":"<p>Le Cavalier Bleu de Drancy a \u00e9t\u00e9 cr\u00e9\u00e9 en 1972 par Jean Durpoix.<br \/>\nIl doit son nom \u00e0 la MJC \u00ab\u00a0Bleue\u00a0\u00bb dans laquelle il se r\u00e9unissait \u00e0 l\u2019\u00e9poque.<br \/>\nEn 1977, il remporte la coupe Crit\u00e9rium Tour, comp\u00e9tition de la ligue d\u2019\u00cele-de-France.<\/p>\n<p>Le Cavalier Bleu est champion de deuxi\u00e8me division \u00cele-de-France en 1980. Il acc\u00e8de ensuite \u00e0 une division sup\u00e9rieure tous les quatre ans\u00a0: champion de la premi\u00e8re division \u00cele-de-France en 1984, champion de France de troisi\u00e8me division Nationale en 1988 et champion de France de deuxi\u00e8me division en 1992. Il demeure parmi les 16\u00a0meilleurs clubs de France pendant onze ans et y revient en 2005 et en 2015.<\/p>\n<p><center><img loading=\"lazy\" decoding=\"async\" src=\"http:\/\/www.drancyechecs-cavalierbleu.com\/wordpress\/wp-content\/medias\/2014\/01\/CB_entr\u00e9e_historique2.jpg\" alt=\"\" width=\"327\" height=\"417\" \/><\/center><br \/>\nLa politique du club a \u00e9t\u00e9 de conjuguer la diffusion du jeu dans les \u00e9coles et pour les jeunes tout en maintenant des \u00e9quipes au niveau r\u00e9gional et une \u00e9quipe au niveau national. L\u2019\u00e9quipe jeune a acc\u00e9d\u00e9 \u00e0 la troisi\u00e8me division Nationale en 2003 et 2009.<\/p>\n<p>Le Cavalier Bleu a compt\u00e9 quatre pr\u00e9sidents depuis sa cr\u00e9ation\u00a0:<\/p>\n<p><strong>Jean Durpoix (1928-2017)<\/strong> de 1972 \u00e0 2011<br \/>\n<strong>Christophe Lomonte<\/strong> 2012-2013<br \/>\n<strong>Daniel Buchy<\/strong> 2013-2015<br \/>\n<strong>Manuel Casas<\/strong> 2016-<\/p>\n<p style=\"text-align: center;\"><strong>Blitz entre Daniel Buchy et Jean Durpoix<\/strong> (\u00e0 droite)<br \/>\n<strong>le 18 d\u00e9cembre 2013 au club.<\/strong><\/p>\n<p><a href=\"http:\/\/www.drancyechecs-cavalierbleu.com\/wordpress\/wp-content\/medias\/2013\/12\/2013_1218_Durpoix_Buchy1.jpg\"><img loading=\"lazy\" decoding=\"async\" class=\"size-medium wp-image-5 aligncenter\" src=\"http:\/\/www.drancyechecs-cavalierbleu.com\/wordpress\/wp-content\/medias\/2013\/12\/2013_1218_Durpoix_Buchy1-300x225.jpg\" alt=\"2013_1218_Durpoix_Buchy1\" width=\"300\" height=\"225\" srcset=\"https:\/\/www.drancyechecs-cavalierbleu.com\/wordpress\/wp-content\/medias\/2013\/12\/2013_1218_Durpoix_Buchy1-300x225.jpg 300w, https:\/\/www.drancyechecs-cavalierbleu.com\/wordpress\/wp-content\/medias\/2013\/12\/2013_1218_Durpoix_Buchy1-1024x768.jpg 1024w\" sizes=\"(max-width: 300px) 100vw, 300px\" \/><\/a><\/p>\n","protected":false},"excerpt":{"rendered":"<p>Le Cavalier Bleu de Drancy a \u00e9t\u00e9 cr\u00e9\u00e9 en 1972 par Jean Durpoix. Il doit son nom \u00e0 la MJC \u00ab\u00a0Bleue\u00a0\u00bb dans laquelle il se r\u00e9unissait \u00e0 l\u2019\u00e9poque. En 1977, il remporte la coupe Crit\u00e9rium Tour, comp\u00e9tition de la ligue d\u2019\u00cele-de-France. Le Cavalier Bleu est champion de deuxi\u00e8me division \u00cele-de-France en 1980. Il acc\u00e8de ensuite [&hellip;]<\/p>\n","protected":false},"author":1,"featured_media":0,"parent":2,"menu_order":0,"comment_status":"closed","ping_status":"closed","template":"","meta":{"footnotes":""},"_links":{"self":[{"href":"https:\/\/www.drancyechecs-cavalierbleu.com\/wordpress\/index.php?rest_route=\/wp\/v2\/pages\/4"}],"collection":[{"href":"https:\/\/www.drancyechecs-cavalierbleu.com\/wordpress\/index.php?rest_route=\/wp\/v2\/pages"}],"about":[{"href":"https:\/\/www.drancyechecs-cavalierbleu.com\/wordpress\/index.php?rest_route=\/wp\/v2\/types\/page"}],"author":[{"embeddable":true,"href":"https:\/\/www.drancyechecs-cavalierbleu.com\/wordpress\/index.php?rest_route=\/wp\/v2\/users\/1"}],"replies":[{"embeddable":true,"href":"https:\/\/www.drancyechecs-cavalierbleu.com\/wordpress\/index.php?rest_route=%2Fwp%2Fv2%2Fcomments&post=4"}],"version-history":[{"count":29,"href":"https:\/\/www.drancyechecs-cavalierbleu.com\/wordpress\/index.php?rest_route=\/wp\/v2\/pages\/4\/revisions"}],"predecessor-version":[{"id":1358,"href":"https:\/\/www.drancyechecs-cavalierbleu.com\/wordpress\/index.php?rest_route=\/wp\/v2\/pages\/4\/revisions\/1358"}],"up":[{"embeddable":true,"href":"https:\/\/www.drancyechecs-cavalierbleu.com\/wordpress\/index.php?rest_route=\/wp\/v2\/pages\/2"}],"wp:attachment":[{"href":"https:\/\/www.drancyechecs-cavalierbleu.com\/wordpress\/index.php?rest_route=%2Fwp%2Fv2%2Fmedia&parent=4"}],"curies":[{"name":"wp","href":"https:\/\/api.w.org\/{rel}","templated":true}]}}