{"id":40,"date":"2013-12-26T17:22:20","date_gmt":"2013-12-26T16:22:20","guid":{"rendered":"http:\/\/www.drancyechecs-cavalierbleu.com\/wordpress\/?page_id=40"},"modified":"2014-02-12T06:02:54","modified_gmt":"2014-02-12T05:02:54","slug":"institutionnels","status":"publish","type":"page","link":"https:\/\/www.drancyechecs-cavalierbleu.com\/wordpress\/?page_id=40","title":{"rendered":"Institutionnels"},"content":{"rendered":"<div>\n<p><a href=\"http:\/\/www.drancy.net\/\">La mairie de Drancy<\/a> supporte depuis de nombreuses ann\u00e9es le club, son d\u00e9veloppement et ses actions.<\/p>\n<p><a href=\"http:\/\/www.cg93.fr\/-Education-Jeunesse-.html\">Le Conseil g\u00e9n\u00e9ral<\/a> de Seine-Saint-Denis contribue au d\u00e9placement des \u00e9quipes de Nationale\u00a0I, II, III, Nationale\u00a0I f\u00e9minines et \u00e0 la Coupe de France.<\/p>\n<p><a href=\"http:\/\/www.cnds.info\/web\/\">Le Centre National du Sport <\/a>(CNDS) a longtemps aid\u00e9 le d\u00e9veloppement des \u00e9checs dans les \u00e9coles de Drancy.<\/p>\n<p>Qu\u2019ils soient tous remerci\u00e9s ici.<\/p>\n<\/div>\n","protected":false},"excerpt":{"rendered":"<p>La mairie de Drancy supporte depuis de nombreuses ann\u00e9es le club, son d\u00e9veloppement et ses actions. Le Conseil g\u00e9n\u00e9ral de Seine-Saint-Denis contribue au d\u00e9placement des \u00e9quipes de Nationale\u00a0I, II, III, Nationale\u00a0I f\u00e9minines et \u00e0 la Coupe de France. Le Centre National du Sport (CNDS) a longtemps aid\u00e9 le d\u00e9veloppement des \u00e9checs dans les \u00e9coles de [&hellip;]<\/p>\n","protected":false},"author":1,"featured_media":0,"parent":0,"menu_order":5,"comment_status":"closed","ping_status":"closed","template":"","meta":{"footnotes":""},"_links":{"self":[{"href":"https:\/\/www.drancyechecs-cavalierbleu.com\/wordpress\/index.php?rest_route=\/wp\/v2\/pages\/40"}],"collection":[{"href":"https:\/\/www.drancyechecs-cavalierbleu.com\/wordpress\/index.php?rest_route=\/wp\/v2\/pages"}],"about":[{"href":"https:\/\/www.drancyechecs-cavalierbleu.com\/wordpress\/index.php?rest_route=\/wp\/v2\/types\/page"}],"author":[{"embeddable":true,"href":"https:\/\/www.drancyechecs-cavalierbleu.com\/wordpress\/index.php?rest_route=\/wp\/v2\/users\/1"}],"replies":[{"embeddable":true,"href":"https:\/\/www.drancyechecs-cavalierbleu.com\/wordpress\/index.php?rest_route=%2Fwp%2Fv2%2Fcomments&post=40"}],"version-history":[{"count":2,"href":"https:\/\/www.drancyechecs-cavalierbleu.com\/wordpress\/index.php?rest_route=\/wp\/v2\/pages\/40\/revisions"}],"predecessor-version":[{"id":44,"href":"https:\/\/www.drancyechecs-cavalierbleu.com\/wordpress\/index.php?rest_route=\/wp\/v2\/pages\/40\/revisions\/44"}],"wp:attachment":[{"href":"https:\/\/www.drancyechecs-cavalierbleu.com\/wordpress\/index.php?rest_route=%2Fwp%2Fv2%2Fmedia&parent=40"}],"curies":[{"name":"wp","href":"https:\/\/api.w.org\/{rel}","templated":true}]}}