{"id":47,"date":"2013-12-26T17:54:31","date_gmt":"2013-12-26T16:54:31","guid":{"rendered":"http:\/\/www.drancyechecs-cavalierbleu.com\/wordpress\/?page_id=47"},"modified":"2017-01-11T23:08:09","modified_gmt":"2017-01-11T22:08:09","slug":"les-maitres-de-drancy","status":"publish","type":"page","link":"https:\/\/www.drancyechecs-cavalierbleu.com\/wordpress\/?page_id=47","title":{"rendered":"Les ma\u00eetres de Drancy"},"content":{"rendered":"<p>Voici une liste succincte et non exhaustive des ma\u00eetres et grands ma\u00eetres qui ont jou\u00e9 une ou plusieurs saisons pour Drancy.<br \/>\nLes joueurs marqu\u00e9s d&rsquo;une ast\u00e9risque \u00e9taient ou sont devenus une ou plusieurs fois champion de France avant ou apr\u00e8s leur passage \u00e0 Drancy.<\/p>\n<p>TODORCEVIC * Miodrag (1990-1991)<br \/>\nPRI\u00c9 \u00c9ric * (1988-1989)<br \/>\nBENOIT Michel * (1989-1991)<br \/>\nLEGKY Nikola\u00ef (1994-2015)<br \/>\nKOMAROV Dimitri (1994-2014) et 2016<br \/>\nFRESSINET * Laurent (1997-1998)<br \/>\nGIFFARD Nicolas * (1998-2013)<br \/>\nAldo HA\u00cfK * (2012-2013)<\/p>\n<p>DAVID Alberto (2003-2005)<br \/>\nBUNZMANN Dimitri<br \/>\nTODOROV Todor (2008-2016)<br \/>\nEINGORN Vereslav (2013-2014)<br \/>\nPETKOV Vladimir (2014-2016)<br \/>\nKOGAN Arthur (2016-<\/p>\n<p>KARR Jean-Philippe (1998-<br \/>\nBIJAOUI Manuel (2009-2016)<br \/>\nGODARD Maxence<br \/>\nBERTHELOT Yannick (2006-2009)<\/p>\n","protected":false},"excerpt":{"rendered":"<p>Voici une liste succincte et non exhaustive des ma\u00eetres et grands ma\u00eetres qui ont jou\u00e9 une ou plusieurs saisons pour Drancy. Les joueurs marqu\u00e9s d&rsquo;une ast\u00e9risque \u00e9taient ou sont devenus une ou plusieurs fois champion de France avant ou apr\u00e8s leur passage \u00e0 Drancy. TODORCEVIC * Miodrag (1990-1991) PRI\u00c9 \u00c9ric * (1988-1989) BENOIT Michel * [&hellip;]<\/p>\n","protected":false},"author":1,"featured_media":0,"parent":4,"menu_order":1,"comment_status":"closed","ping_status":"open","template":"","meta":{"footnotes":""},"_links":{"self":[{"href":"https:\/\/www.drancyechecs-cavalierbleu.com\/wordpress\/index.php?rest_route=\/wp\/v2\/pages\/47"}],"collection":[{"href":"https:\/\/www.drancyechecs-cavalierbleu.com\/wordpress\/index.php?rest_route=\/wp\/v2\/pages"}],"about":[{"href":"https:\/\/www.drancyechecs-cavalierbleu.com\/wordpress\/index.php?rest_route=\/wp\/v2\/types\/page"}],"author":[{"embeddable":true,"href":"https:\/\/www.drancyechecs-cavalierbleu.com\/wordpress\/index.php?rest_route=\/wp\/v2\/users\/1"}],"replies":[{"embeddable":true,"href":"https:\/\/www.drancyechecs-cavalierbleu.com\/wordpress\/index.php?rest_route=%2Fwp%2Fv2%2Fcomments&post=47"}],"version-history":[{"count":11,"href":"https:\/\/www.drancyechecs-cavalierbleu.com\/wordpress\/index.php?rest_route=\/wp\/v2\/pages\/47\/revisions"}],"predecessor-version":[{"id":1359,"href":"https:\/\/www.drancyechecs-cavalierbleu.com\/wordpress\/index.php?rest_route=\/wp\/v2\/pages\/47\/revisions\/1359"}],"up":[{"embeddable":true,"href":"https:\/\/www.drancyechecs-cavalierbleu.com\/wordpress\/index.php?rest_route=\/wp\/v2\/pages\/4"}],"wp:attachment":[{"href":"https:\/\/www.drancyechecs-cavalierbleu.com\/wordpress\/index.php?rest_route=%2Fwp%2Fv2%2Fmedia&parent=47"}],"curies":[{"name":"wp","href":"https:\/\/api.w.org\/{rel}","templated":true}]}}