{"id":96,"date":"2013-12-26T20:29:24","date_gmt":"2013-12-26T19:29:24","guid":{"rendered":"http:\/\/www.drancyechecs-cavalierbleu.com\/wordpress\/?page_id=96"},"modified":"2014-12-12T00:38:58","modified_gmt":"2014-12-11T23:38:58","slug":"stages","status":"publish","type":"page","link":"https:\/\/www.drancyechecs-cavalierbleu.com\/wordpress\/?page_id=96","title":{"rendered":"Stages"},"content":{"rendered":"<p>Le ma\u00eetre FIDE Fabrice Moracchini (25 janvier 2015).<br \/>\nVoir ses stages organis\u00e9s en dehors de l&rsquo;\u00cele-de-France <a href=\"http:\/\/stages.moracchini-echecs.com\/\"><strong>sur son site.<\/strong> <\/a><\/p>\n<p>Stage d&rsquo;\u00e9t\u00e9 avec notre GMI Todor Todorov dans la station baln\u00e9aire mythique o\u00f9 Bobby Fischer joua, \u00e0 Varna.<br \/>\nInformations <a href=\"http:\/\/www.chessland.fr\/\"><strong>sur son site.<\/strong><\/a><\/p>\n","protected":false},"excerpt":{"rendered":"<p>Le ma\u00eetre FIDE Fabrice Moracchini (25 janvier 2015). Voir ses stages organis\u00e9s en dehors de l&rsquo;\u00cele-de-France sur son site. Stage d&rsquo;\u00e9t\u00e9 avec notre GMI Todor Todorov dans la station baln\u00e9aire mythique o\u00f9 Bobby Fischer joua, \u00e0 Varna. Informations sur son site.<\/p>\n","protected":false},"author":1,"featured_media":0,"parent":87,"menu_order":1,"comment_status":"closed","ping_status":"closed","template":"","meta":{"footnotes":""},"_links":{"self":[{"href":"https:\/\/www.drancyechecs-cavalierbleu.com\/wordpress\/index.php?rest_route=\/wp\/v2\/pages\/96"}],"collection":[{"href":"https:\/\/www.drancyechecs-cavalierbleu.com\/wordpress\/index.php?rest_route=\/wp\/v2\/pages"}],"about":[{"href":"https:\/\/www.drancyechecs-cavalierbleu.com\/wordpress\/index.php?rest_route=\/wp\/v2\/types\/page"}],"author":[{"embeddable":true,"href":"https:\/\/www.drancyechecs-cavalierbleu.com\/wordpress\/index.php?rest_route=\/wp\/v2\/users\/1"}],"replies":[{"embeddable":true,"href":"https:\/\/www.drancyechecs-cavalierbleu.com\/wordpress\/index.php?rest_route=%2Fwp%2Fv2%2Fcomments&post=96"}],"version-history":[{"count":5,"href":"https:\/\/www.drancyechecs-cavalierbleu.com\/wordpress\/index.php?rest_route=\/wp\/v2\/pages\/96\/revisions"}],"predecessor-version":[{"id":887,"href":"https:\/\/www.drancyechecs-cavalierbleu.com\/wordpress\/index.php?rest_route=\/wp\/v2\/pages\/96\/revisions\/887"}],"up":[{"embeddable":true,"href":"https:\/\/www.drancyechecs-cavalierbleu.com\/wordpress\/index.php?rest_route=\/wp\/v2\/pages\/87"}],"wp:attachment":[{"href":"https:\/\/www.drancyechecs-cavalierbleu.com\/wordpress\/index.php?rest_route=%2Fwp%2Fv2%2Fmedia&parent=96"}],"curies":[{"name":"wp","href":"https:\/\/api.w.org\/{rel}","templated":true}]}}